{"id":94,"date":"2024-01-29T08:45:21","date_gmt":"2024-01-29T08:45:21","guid":{"rendered":"http:\/\/code.webrt.net\/demo-woocommerce\/?post_type=product&#038;p=94"},"modified":"2024-06-28T04:17:12","modified_gmt":"2024-06-28T04:17:12","slug":"san-pham-demo-so-2","status":"publish","type":"product","link":"https:\/\/mypham23.mauthemewp.com\/?product=san-pham-demo-so-2","title":{"rendered":"M\u1eb7t n\u1ea1 h\u00fat ch\u00ec th\u1ea3i \u0111\u1ed9c than g\u1ed7 s\u1ed3i &#8211; CR560"},"content":{"rendered":"<p>Theo th\u00f4ng b\u00e1o, v\u1eeba qua, V\u0103n ph\u00f2ng Trung \u01b0\u01a1ng GHPGVN nh\u1eadn \u0111\u01b0\u1ee3c c\u00e1c v\u0103n b\u1ea3n v\u00e0 \u0111\u01a1n th\u01b0a c\u1ee7a c\u1ed9ng \u0111\u1ed3ng Ph\u1eadt t\u1eed, nh\u00e2n d\u00e2n c\u0169ng nh\u01b0 nh\u1eefng th\u00f4ng tin tr\u00ean ph\u01b0\u01a1ng ti\u1ec7n th\u00f4ng tin \u0111\u1ea1i ch\u00fang, b\u00e1o ch\u00ed v\u00e0 m\u1ea1ng x\u00e3 h\u1ed9i ph\u1ea3n \u00e1nh v\u1ec1 n\u1ed9i dung nh\u1eefng b\u00e0i gi\u1ea3ng ph\u00e1p c\u1ee7a Th\u01b0\u1ee3ng to\u1ea1 Th\u00edch Ch\u00e2n Quang, Tr\u1ee5 tr\u00ec Thi\u1ec1n T\u00f4n Ph\u1eadt Quang, x\u00e3 T\u00e2n H\u1ea3i, th\u1ecb x\u00e3 Ph\u00fa M\u1ef9, t\u1ec9nh B\u00e0 R\u1ecba-V\u0169ng T\u00e0u g\u00e2y hoang mang trong x\u00e3 h\u1ed9i, ph\u1ea3n \u1ee9ng c\u1ee7a c\u1ed9ng \u0111\u1ed3ng l\u00e0m suy gi\u1ea3m ni\u1ec1m tin Ph\u1eadt ph\u00e1p v\u00e0 \u1ea3nh h\u01b0\u1edfng \u0111\u1ebfn uy t\u00edn c\u1ee7a Gi\u00e1o h\u1ed9i.<\/p>\n<p>\u0110\u1ebfn ng\u00e0y 18-6 l\u00e3nh \u0111\u1ea1o Ban Th\u01b0\u1eddng tr\u1ef1c H\u1ed9i \u0111\u1ed3ng Tr\u1ecb s\u1ef1, l\u00e3nh \u0111\u1ea1o c\u00e1c Ban Ho\u1eb1ng ph\u00e1p, Ph\u00e1p ch\u1ebf, Ki\u1ec3m so\u00e1t, Th\u00f4ng tin Truy\u1ec1n th\u00f4ng Trung \u01b0\u01a1ng GHPGVN v\u00e0 Ban Tr\u1ecb s\u1ef1 GHPGVN t\u1ec9nh B\u00e0 R\u1ecba-V\u0169ng T\u00e0u \u0111\u00e3 h\u1ecdp, xem x\u00e9t s\u1ef1 vi\u1ec7c v\u1edbi s\u1ef1 tham d\u1ef1 c\u1ee7a Th\u01b0\u1ee3ng t\u1ecda Th\u00edch Ch\u00e2n Quang t\u1ea1i V\u0103n ph\u00f2ng 2 Trung \u01b0\u01a1ng GHPGVN, Thi\u1ec1n vi\u1ec7n Qu\u1ea3ng \u0110\u1ee9c, qu\u1eadn 3, TP. HCM,.<\/p>\n<p>Sau khi th\u1ea9m tra b\u00e1o c\u00e1o c\u1ee7a Ban Tr\u1ecb s\u1ef1 GHPGVN t\u1ec9nh B\u00e0 R\u1ecba-V\u0169ng T\u00e0u v\u1ec1 c\u00e1c n\u1ed9i dung thuy\u1ebft gi\u1ea3ng c\u1ee7a Th\u01b0\u1ee3ng t\u1ecda Th\u00edch Ch\u00e2n Quang, \u0111\u00e1nh gi\u00e1 n\u1ed9i dung c\u1ee7a c\u00e1c video thuy\u1ebft gi\u1ea3ng c\u1ee7a Th\u01b0\u1ee3ng t\u1ecda Th\u00edch Ch\u00e2n Quang, v\u00e0 \u00fd ki\u1ebfn c\u00e1c \u0111\u1ea1i bi\u1ec3u d\u1ef1 h\u1ecdp, Ban Th\u01b0\u1eddng tr\u1ef1c H\u1ed9i \u0111\u1ed3ng Tr\u1ecb s\u1ef1 kh\u1eb3ng \u0111\u1ecbnh m\u1ed9t s\u1ed1 n\u1ed9i dung thuy\u1ebft gi\u1ea3ng v\u1ec1 gi\u00e1o l\u00fd nh\u00e2n qu\u1ea3 c\u1ee7a Th\u01b0\u1ee3ng t\u1ecda Th\u00edch Ch\u00e2n Quang kh\u00f4ng \u0111\u00fang ch\u00e1nh ph\u00e1p, g\u00e2y hoang mang trong x\u00e3 h\u1ed9i.<\/p>\n<p><img loading=\"lazy\" decoding=\"async\" class=\"alignnone wp-image-129 size-full\" src=\"https:\/\/luan.webrt.net\/cherrydao\/wp-content\/uploads\/2024\/06\/Rectangle-1-min.png\" alt=\"\" width=\"1920\" height=\"700\" srcset=\"https:\/\/mypham23.mauthemewp.com\/wp-content\/uploads\/2024\/06\/Rectangle-1-min.png 1920w, https:\/\/mypham23.mauthemewp.com\/wp-content\/uploads\/2024\/06\/Rectangle-1-min-300x109.png 300w, https:\/\/mypham23.mauthemewp.com\/wp-content\/uploads\/2024\/06\/Rectangle-1-min-600x219.png 600w, https:\/\/mypham23.mauthemewp.com\/wp-content\/uploads\/2024\/06\/Rectangle-1-min-1024x373.png 1024w, https:\/\/mypham23.mauthemewp.com\/wp-content\/uploads\/2024\/06\/Rectangle-1-min-768x280.png 768w, https:\/\/mypham23.mauthemewp.com\/wp-content\/uploads\/2024\/06\/Rectangle-1-min-1536x560.png 1536w\" sizes=\"auto, (max-width: 1920px) 100vw, 1920px\" \/><\/p>\n<p>Theo th\u00f4ng b\u00e1o, v\u1eeba qua, V\u0103n ph\u00f2ng Trung \u01b0\u01a1ng GHPGVN nh\u1eadn \u0111\u01b0\u1ee3c c\u00e1c v\u0103n b\u1ea3n v\u00e0 \u0111\u01a1n th\u01b0a c\u1ee7a c\u1ed9ng \u0111\u1ed3ng Ph\u1eadt t\u1eed, nh\u00e2n d\u00e2n c\u0169ng nh\u01b0 nh\u1eefng th\u00f4ng tin tr\u00ean ph\u01b0\u01a1ng ti\u1ec7n th\u00f4ng tin \u0111\u1ea1i ch\u00fang, b\u00e1o ch\u00ed v\u00e0 m\u1ea1ng x\u00e3 h\u1ed9i ph\u1ea3n \u00e1nh v\u1ec1 n\u1ed9i dung nh\u1eefng b\u00e0i gi\u1ea3ng ph\u00e1p c\u1ee7a Th\u01b0\u1ee3ng to\u1ea1 Th\u00edch Ch\u00e2n Quang, Tr\u1ee5 tr\u00ec Thi\u1ec1n T\u00f4n Ph\u1eadt Quang, x\u00e3 T\u00e2n H\u1ea3i, th\u1ecb x\u00e3 Ph\u00fa M\u1ef9, t\u1ec9nh B\u00e0 R\u1ecba-V\u0169ng T\u00e0u g\u00e2y hoang mang trong x\u00e3 h\u1ed9i, ph\u1ea3n \u1ee9ng c\u1ee7a c\u1ed9ng \u0111\u1ed3ng l\u00e0m suy gi\u1ea3m ni\u1ec1m tin Ph\u1eadt ph\u00e1p v\u00e0 \u1ea3nh h\u01b0\u1edfng \u0111\u1ebfn uy t\u00edn c\u1ee7a Gi\u00e1o h\u1ed9i.<\/p>\n<p>\u0110\u1ebfn ng\u00e0y 18-6 l\u00e3nh \u0111\u1ea1o Ban Th\u01b0\u1eddng tr\u1ef1c H\u1ed9i \u0111\u1ed3ng Tr\u1ecb s\u1ef1, l\u00e3nh \u0111\u1ea1o c\u00e1c Ban Ho\u1eb1ng ph\u00e1p, Ph\u00e1p ch\u1ebf, Ki\u1ec3m so\u00e1t, Th\u00f4ng tin Truy\u1ec1n th\u00f4ng Trung \u01b0\u01a1ng GHPGVN v\u00e0 Ban Tr\u1ecb s\u1ef1 GHPGVN t\u1ec9nh B\u00e0 R\u1ecba-V\u0169ng T\u00e0u \u0111\u00e3 h\u1ecdp, xem x\u00e9t s\u1ef1 vi\u1ec7c v\u1edbi s\u1ef1 tham d\u1ef1 c\u1ee7a Th\u01b0\u1ee3ng t\u1ecda Th\u00edch Ch\u00e2n Quang t\u1ea1i V\u0103n ph\u00f2ng 2 Trung \u01b0\u01a1ng GHPGVN, Thi\u1ec1n vi\u1ec7n Qu\u1ea3ng \u0110\u1ee9c, qu\u1eadn 3, TP. HCM,.<\/p>\n<p>Sau khi th\u1ea9m tra b\u00e1o c\u00e1o c\u1ee7a Ban Tr\u1ecb s\u1ef1 GHPGVN t\u1ec9nh B\u00e0 R\u1ecba-V\u0169ng T\u00e0u v\u1ec1 c\u00e1c n\u1ed9i dung thuy\u1ebft gi\u1ea3ng c\u1ee7a Th\u01b0\u1ee3ng t\u1ecda Th\u00edch Ch\u00e2n Quang, \u0111\u00e1nh gi\u00e1 n\u1ed9i dung c\u1ee7a c\u00e1c video thuy\u1ebft gi\u1ea3ng c\u1ee7a Th\u01b0\u1ee3ng t\u1ecda Th\u00edch Ch\u00e2n Quang, v\u00e0 \u00fd ki\u1ebfn c\u00e1c \u0111\u1ea1i bi\u1ec3u d\u1ef1 h\u1ecdp, Ban Th\u01b0\u1eddng tr\u1ef1c H\u1ed9i \u0111\u1ed3ng Tr\u1ecb s\u1ef1 kh\u1eb3ng \u0111\u1ecbnh m\u1ed9t s\u1ed1 n\u1ed9i dung thuy\u1ebft gi\u1ea3ng v\u1ec1 gi\u00e1o l\u00fd nh\u00e2n qu\u1ea3 c\u1ee7a Th\u01b0\u1ee3ng t\u1ecda Th\u00edch Ch\u00e2n Quang kh\u00f4ng \u0111\u00fang ch\u00e1nh ph\u00e1p, g\u00e2y hoang mang trong x\u00e3 h\u1ed9i.<\/p>\n","protected":false},"excerpt":{"rendered":"<p>Theo th\u00f4ng b\u00e1o, v\u1eeba qua, V\u0103n ph\u00f2ng Trung \u01b0\u01a1ng GHPGVN nh\u1eadn \u0111\u01b0\u1ee3c c\u00e1c v\u0103n b\u1ea3n v\u00e0 \u0111\u01a1n th\u01b0a c\u1ee7a c\u1ed9ng \u0111\u1ed3ng Ph\u1eadt t\u1eed, nh\u00e2n d\u00e2n c\u0169ng nh\u01b0 nh\u1eefng th\u00f4ng tin tr\u00ean ph\u01b0\u01a1ng ti\u1ec7n th\u00f4ng tin \u0111\u1ea1i ch\u00fang, b\u00e1o ch\u00ed v\u00e0 m\u1ea1ng x\u00e3 h\u1ed9i ph\u1ea3n \u00e1nh v\u1ec1 n\u1ed9i dung nh\u1eefng b\u00e0i gi\u1ea3ng ph\u00e1p c\u1ee7a Th\u01b0\u1ee3ng to\u1ea1 Th\u00edch Ch\u00e2n Quang, Tr\u1ee5 tr\u00ec Thi\u1ec1n T\u00f4n Ph\u1eadt Quang, x\u00e3 T\u00e2n H\u1ea3i, th\u1ecb x\u00e3 Ph\u00fa M\u1ef9, t\u1ec9nh B\u00e0 R\u1ecba-V\u0169ng T\u00e0u g\u00e2y hoang mang trong x\u00e3 h\u1ed9i, ph\u1ea3n \u1ee9ng c\u1ee7a c\u1ed9ng \u0111\u1ed3ng l\u00e0m suy gi\u1ea3m ni\u1ec1m tin Ph\u1eadt ph\u00e1p v\u00e0 \u1ea3nh h\u01b0\u1edfng \u0111\u1ebfn uy t\u00edn c\u1ee7a Gi\u00e1o h\u1ed9i.<\/p>\n","protected":false},"featured_media":183,"comment_status":"open","ping_status":"closed","template":"","meta":[],"product_cat":[22],"product_tag":[],"class_list":{"0":"post-94","1":"product","2":"type-product","3":"status-publish","4":"has-post-thumbnail","6":"product_cat-khuyen-mai","8":"first","9":"instock","10":"sale","11":"virtual","12":"purchasable","13":"product-type-simple"},"acf":[],"yoast_head":"<!-- This site is optimized with the Yoast SEO plugin v22.8 - https:\/\/yoast.com\/wordpress\/plugins\/seo\/ -->\n<title>M\u1eb7t n\u1ea1 h\u00fat ch\u00ec th\u1ea3i \u0111\u1ed9c than g\u1ed7 s\u1ed3i - CR560 - Cherrydao<\/title>\n<meta name=\"robots\" content=\"noindex, follow, max-snippet:-1, max-image-preview:large, max-video-preview:-1\" \/>\n<meta property=\"og:locale\" content=\"vi_VN\" \/>\n<meta property=\"og:type\" content=\"article\" \/>\n<meta property=\"og:title\" content=\"M\u1eb7t n\u1ea1 h\u00fat ch\u00ec th\u1ea3i \u0111\u1ed9c than g\u1ed7 s\u1ed3i - CR560 - Cherrydao\" \/>\n<meta property=\"og:description\" content=\"Theo th\u00f4ng b\u00e1o, v\u1eeba qua, V\u0103n ph\u00f2ng Trung \u01b0\u01a1ng GHPGVN nh\u1eadn \u0111\u01b0\u1ee3c c\u00e1c v\u0103n b\u1ea3n v\u00e0 \u0111\u01a1n th\u01b0a c\u1ee7a c\u1ed9ng \u0111\u1ed3ng Ph\u1eadt t\u1eed, nh\u00e2n d\u00e2n c\u0169ng nh\u01b0 nh\u1eefng th\u00f4ng tin tr\u00ean ph\u01b0\u01a1ng ti\u1ec7n th\u00f4ng tin \u0111\u1ea1i ch\u00fang, b\u00e1o ch\u00ed v\u00e0 m\u1ea1ng x\u00e3 h\u1ed9i ph\u1ea3n \u00e1nh v\u1ec1 n\u1ed9i dung nh\u1eefng b\u00e0i gi\u1ea3ng ph\u00e1p c\u1ee7a Th\u01b0\u1ee3ng to\u1ea1 Th\u00edch Ch\u00e2n Quang, Tr\u1ee5 tr\u00ec Thi\u1ec1n T\u00f4n Ph\u1eadt Quang, x\u00e3 T\u00e2n H\u1ea3i, th\u1ecb x\u00e3 Ph\u00fa M\u1ef9, t\u1ec9nh B\u00e0 R\u1ecba-V\u0169ng T\u00e0u g\u00e2y hoang mang trong x\u00e3 h\u1ed9i, ph\u1ea3n \u1ee9ng c\u1ee7a c\u1ed9ng \u0111\u1ed3ng l\u00e0m suy gi\u1ea3m ni\u1ec1m tin Ph\u1eadt ph\u00e1p v\u00e0 \u1ea3nh h\u01b0\u1edfng \u0111\u1ebfn uy t\u00edn c\u1ee7a Gi\u00e1o h\u1ed9i.\" \/>\n<meta property=\"og:url\" content=\"https:\/\/mypham23.mauthemewp.com\/?product=san-pham-demo-so-2\" \/>\n<meta property=\"og:site_name\" content=\"Cherrydao\" \/>\n<meta property=\"article:modified_time\" content=\"2024-06-28T04:17:12+00:00\" \/>\n<meta property=\"og:image\" content=\"https:\/\/mypham23.mauthemewp.com\/wp-content\/uploads\/2024\/01\/image-6-2-min.png\" \/>\n\t<meta property=\"og:image:width\" content=\"168\" \/>\n\t<meta property=\"og:image:height\" content=\"224\" \/>\n\t<meta property=\"og:image:type\" content=\"image\/png\" \/>\n<meta name=\"twitter:card\" content=\"summary_large_image\" \/>\n<meta name=\"twitter:label1\" content=\"\u01af\u1edbc t\u00ednh th\u1eddi gian \u0111\u1ecdc\" \/>\n\t<meta name=\"twitter:data1\" content=\"4 ph\u00fat\" \/>\n<script type=\"application\/ld+json\" class=\"yoast-schema-graph\">{\"@context\":\"https:\/\/schema.org\",\"@graph\":[{\"@type\":\"WebPage\",\"@id\":\"https:\/\/mypham23.mauthemewp.com\/?product=san-pham-demo-so-2\",\"url\":\"https:\/\/mypham23.mauthemewp.com\/?product=san-pham-demo-so-2\",\"name\":\"M\u1eb7t n\u1ea1 h\u00fat ch\u00ec th\u1ea3i \u0111\u1ed9c than g\u1ed7 s\u1ed3i - CR560 - Cherrydao\",\"isPartOf\":{\"@id\":\"https:\/\/mypham23.mauthemewp.com\/#website\"},\"primaryImageOfPage\":{\"@id\":\"https:\/\/mypham23.mauthemewp.com\/?product=san-pham-demo-so-2#primaryimage\"},\"image\":{\"@id\":\"https:\/\/mypham23.mauthemewp.com\/?product=san-pham-demo-so-2#primaryimage\"},\"thumbnailUrl\":\"https:\/\/mypham23.mauthemewp.com\/wp-content\/uploads\/2024\/01\/image-6-2-min.png\",\"datePublished\":\"2024-01-29T08:45:21+00:00\",\"dateModified\":\"2024-06-28T04:17:12+00:00\",\"breadcrumb\":{\"@id\":\"https:\/\/mypham23.mauthemewp.com\/?product=san-pham-demo-so-2#breadcrumb\"},\"inLanguage\":\"vi\",\"potentialAction\":[{\"@type\":\"ReadAction\",\"target\":[\"https:\/\/mypham23.mauthemewp.com\/?product=san-pham-demo-so-2\"]}]},{\"@type\":\"ImageObject\",\"inLanguage\":\"vi\",\"@id\":\"https:\/\/mypham23.mauthemewp.com\/?product=san-pham-demo-so-2#primaryimage\",\"url\":\"https:\/\/mypham23.mauthemewp.com\/wp-content\/uploads\/2024\/01\/image-6-2-min.png\",\"contentUrl\":\"https:\/\/mypham23.mauthemewp.com\/wp-content\/uploads\/2024\/01\/image-6-2-min.png\",\"width\":168,\"height\":224},{\"@type\":\"BreadcrumbList\",\"@id\":\"https:\/\/mypham23.mauthemewp.com\/?product=san-pham-demo-so-2#breadcrumb\",\"itemListElement\":[{\"@type\":\"ListItem\",\"position\":1,\"name\":\"Trang ch\u1ee7\",\"item\":\"https:\/\/mypham23.mauthemewp.com\/\"},{\"@type\":\"ListItem\",\"position\":2,\"name\":\"S\u1ea3n ph\u1ea9m\",\"item\":\"https:\/\/mypham23.mauthemewp.com\/?page_id=8\"},{\"@type\":\"ListItem\",\"position\":3,\"name\":\"Khuy\u1ebfn m\u00e3i\",\"item\":\"https:\/\/mypham23.mauthemewp.com\/?product_cat=khuyen-mai\"},{\"@type\":\"ListItem\",\"position\":4,\"name\":\"M\u1eb7t n\u1ea1 h\u00fat ch\u00ec th\u1ea3i \u0111\u1ed9c than g\u1ed7 s\u1ed3i &#8211; CR560\"}]},{\"@type\":\"WebSite\",\"@id\":\"https:\/\/mypham23.mauthemewp.com\/#website\",\"url\":\"https:\/\/mypham23.mauthemewp.com\/\",\"name\":\"Cherrydao\",\"description\":\"\",\"potentialAction\":[{\"@type\":\"SearchAction\",\"target\":{\"@type\":\"EntryPoint\",\"urlTemplate\":\"https:\/\/mypham23.mauthemewp.com\/?s={search_term_string}\"},\"query-input\":\"required name=search_term_string\"}],\"inLanguage\":\"vi\"}]}<\/script>\n<!-- \/ Yoast SEO plugin. -->","yoast_head_json":{"title":"M\u1eb7t n\u1ea1 h\u00fat ch\u00ec th\u1ea3i \u0111\u1ed9c than g\u1ed7 s\u1ed3i - CR560 - Cherrydao","robots":{"index":"noindex","follow":"follow","max-snippet":"max-snippet:-1","max-image-preview":"max-image-preview:large","max-video-preview":"max-video-preview:-1"},"og_locale":"vi_VN","og_type":"article","og_title":"M\u1eb7t n\u1ea1 h\u00fat ch\u00ec th\u1ea3i \u0111\u1ed9c than g\u1ed7 s\u1ed3i - CR560 - Cherrydao","og_description":"Theo th\u00f4ng b\u00e1o, v\u1eeba qua, V\u0103n ph\u00f2ng Trung \u01b0\u01a1ng GHPGVN nh\u1eadn \u0111\u01b0\u1ee3c c\u00e1c v\u0103n b\u1ea3n v\u00e0 \u0111\u01a1n th\u01b0a c\u1ee7a c\u1ed9ng \u0111\u1ed3ng Ph\u1eadt t\u1eed, nh\u00e2n d\u00e2n c\u0169ng nh\u01b0 nh\u1eefng th\u00f4ng tin tr\u00ean ph\u01b0\u01a1ng ti\u1ec7n th\u00f4ng tin \u0111\u1ea1i ch\u00fang, b\u00e1o ch\u00ed v\u00e0 m\u1ea1ng x\u00e3 h\u1ed9i ph\u1ea3n \u00e1nh v\u1ec1 n\u1ed9i dung nh\u1eefng b\u00e0i gi\u1ea3ng ph\u00e1p c\u1ee7a Th\u01b0\u1ee3ng to\u1ea1 Th\u00edch Ch\u00e2n Quang, Tr\u1ee5 tr\u00ec Thi\u1ec1n T\u00f4n Ph\u1eadt Quang, x\u00e3 T\u00e2n H\u1ea3i, th\u1ecb x\u00e3 Ph\u00fa M\u1ef9, t\u1ec9nh B\u00e0 R\u1ecba-V\u0169ng T\u00e0u g\u00e2y hoang mang trong x\u00e3 h\u1ed9i, ph\u1ea3n \u1ee9ng c\u1ee7a c\u1ed9ng \u0111\u1ed3ng l\u00e0m suy gi\u1ea3m ni\u1ec1m tin Ph\u1eadt ph\u00e1p v\u00e0 \u1ea3nh h\u01b0\u1edfng \u0111\u1ebfn uy t\u00edn c\u1ee7a Gi\u00e1o h\u1ed9i.","og_url":"https:\/\/mypham23.mauthemewp.com\/?product=san-pham-demo-so-2","og_site_name":"Cherrydao","article_modified_time":"2024-06-28T04:17:12+00:00","og_image":[{"width":168,"height":224,"url":"https:\/\/mypham23.mauthemewp.com\/wp-content\/uploads\/2024\/01\/image-6-2-min.png","type":"image\/png"}],"twitter_card":"summary_large_image","twitter_misc":{"\u01af\u1edbc t\u00ednh th\u1eddi gian \u0111\u1ecdc":"4 ph\u00fat"},"schema":{"@context":"https:\/\/schema.org","@graph":[{"@type":"WebPage","@id":"https:\/\/mypham23.mauthemewp.com\/?product=san-pham-demo-so-2","url":"https:\/\/mypham23.mauthemewp.com\/?product=san-pham-demo-so-2","name":"M\u1eb7t n\u1ea1 h\u00fat ch\u00ec th\u1ea3i \u0111\u1ed9c than g\u1ed7 s\u1ed3i - CR560 - Cherrydao","isPartOf":{"@id":"https:\/\/mypham23.mauthemewp.com\/#website"},"primaryImageOfPage":{"@id":"https:\/\/mypham23.mauthemewp.com\/?product=san-pham-demo-so-2#primaryimage"},"image":{"@id":"https:\/\/mypham23.mauthemewp.com\/?product=san-pham-demo-so-2#primaryimage"},"thumbnailUrl":"https:\/\/mypham23.mauthemewp.com\/wp-content\/uploads\/2024\/01\/image-6-2-min.png","datePublished":"2024-01-29T08:45:21+00:00","dateModified":"2024-06-28T04:17:12+00:00","breadcrumb":{"@id":"https:\/\/mypham23.mauthemewp.com\/?product=san-pham-demo-so-2#breadcrumb"},"inLanguage":"vi","potentialAction":[{"@type":"ReadAction","target":["https:\/\/mypham23.mauthemewp.com\/?product=san-pham-demo-so-2"]}]},{"@type":"ImageObject","inLanguage":"vi","@id":"https:\/\/mypham23.mauthemewp.com\/?product=san-pham-demo-so-2#primaryimage","url":"https:\/\/mypham23.mauthemewp.com\/wp-content\/uploads\/2024\/01\/image-6-2-min.png","contentUrl":"https:\/\/mypham23.mauthemewp.com\/wp-content\/uploads\/2024\/01\/image-6-2-min.png","width":168,"height":224},{"@type":"BreadcrumbList","@id":"https:\/\/mypham23.mauthemewp.com\/?product=san-pham-demo-so-2#breadcrumb","itemListElement":[{"@type":"ListItem","position":1,"name":"Trang ch\u1ee7","item":"https:\/\/mypham23.mauthemewp.com\/"},{"@type":"ListItem","position":2,"name":"S\u1ea3n ph\u1ea9m","item":"https:\/\/mypham23.mauthemewp.com\/?page_id=8"},{"@type":"ListItem","position":3,"name":"Khuy\u1ebfn m\u00e3i","item":"https:\/\/mypham23.mauthemewp.com\/?product_cat=khuyen-mai"},{"@type":"ListItem","position":4,"name":"M\u1eb7t n\u1ea1 h\u00fat ch\u00ec th\u1ea3i \u0111\u1ed9c than g\u1ed7 s\u1ed3i &#8211; CR560"}]},{"@type":"WebSite","@id":"https:\/\/mypham23.mauthemewp.com\/#website","url":"https:\/\/mypham23.mauthemewp.com\/","name":"Cherrydao","description":"","potentialAction":[{"@type":"SearchAction","target":{"@type":"EntryPoint","urlTemplate":"https:\/\/mypham23.mauthemewp.com\/?s={search_term_string}"},"query-input":"required name=search_term_string"}],"inLanguage":"vi"}]}},"_links":{"self":[{"href":"https:\/\/mypham23.mauthemewp.com\/index.php?rest_route=\/wp\/v2\/product\/94","targetHints":{"allow":["GET"]}}],"collection":[{"href":"https:\/\/mypham23.mauthemewp.com\/index.php?rest_route=\/wp\/v2\/product"}],"about":[{"href":"https:\/\/mypham23.mauthemewp.com\/index.php?rest_route=\/wp\/v2\/types\/product"}],"replies":[{"embeddable":true,"href":"https:\/\/mypham23.mauthemewp.com\/index.php?rest_route=%2Fwp%2Fv2%2Fcomments&post=94"}],"wp:featuredmedia":[{"embeddable":true,"href":"https:\/\/mypham23.mauthemewp.com\/index.php?rest_route=\/wp\/v2\/media\/183"}],"wp:attachment":[{"href":"https:\/\/mypham23.mauthemewp.com\/index.php?rest_route=%2Fwp%2Fv2%2Fmedia&parent=94"}],"wp:term":[{"taxonomy":"product_cat","embeddable":true,"href":"https:\/\/mypham23.mauthemewp.com\/index.php?rest_route=%2Fwp%2Fv2%2Fproduct_cat&post=94"},{"taxonomy":"product_tag","embeddable":true,"href":"https:\/\/mypham23.mauthemewp.com\/index.php?rest_route=%2Fwp%2Fv2%2Fproduct_tag&post=94"}],"curies":[{"name":"wp","href":"https:\/\/api.w.org\/{rel}","templated":true}]}}